{"id":307,"date":"2024-08-29T12:20:53","date_gmt":"2024-08-29T12:20:53","guid":{"rendered":"https:\/\/immersify4u.com\/?page_id=307"},"modified":"2024-09-05T15:35:00","modified_gmt":"2024-09-05T15:35:00","slug":"agbs","status":"publish","type":"page","link":"https:\/\/immersify4u.com\/en\/agbs\/","title":{"rendered":"Terms and conditions"},"content":{"rendered":"<div data-elementor-type=\"wp-page\" data-elementor-id=\"307\" class=\"elementor elementor-307\" data-elementor-post-type=\"page\">\n\t\t\t\t<div data-particle_enable=\"false\" data-particle-mobile-disabled=\"false\" class=\"elementor-element elementor-element-5fc4340 e-flex e-con-boxed e-con e-parent\" data-id=\"5fc4340\" data-element_type=\"container\" data-e-type=\"container\" data-settings=\"{&quot;background_background&quot;:&quot;classic&quot;,&quot;ekit_has_onepagescroll_dot&quot;:&quot;yes&quot;}\">\n\t\t\t\t\t<div class=\"e-con-inner\">\n\t\t\t\t<div class=\"elementor-element elementor-element-ec8e079 elementor-widget elementor-widget-heading\" data-id=\"ec8e079\" data-element_type=\"widget\" data-e-type=\"widget\" data-settings=\"{&quot;ekit_we_effect_on&quot;:&quot;none&quot;}\" data-widget_type=\"heading.default\">\n\t\t\t\t<div class=\"elementor-widget-container\">\n\t\t\t\t\t<h2 class=\"elementor-heading-title elementor-size-default\">Legal<\/h2>\t\t\t\t<\/div>\n\t\t\t\t<\/div>\n\t\t\t\t<div class=\"elementor-element elementor-element-1a1cb75 elementor-widget elementor-widget-heading\" data-id=\"1a1cb75\" data-element_type=\"widget\" data-e-type=\"widget\" data-settings=\"{&quot;ekit_we_effect_on&quot;:&quot;none&quot;}\" data-widget_type=\"heading.default\">\n\t\t\t\t<div class=\"elementor-widget-container\">\n\t\t\t\t\t<h2 class=\"elementor-heading-title elementor-size-default\">AGB's<\/h2>\t\t\t\t<\/div>\n\t\t\t\t<\/div>\n\t\t\t\t\t<\/div>\n\t\t\t\t<\/div>\n\t\t<div data-particle_enable=\"false\" data-particle-mobile-disabled=\"false\" class=\"elementor-element elementor-element-cf65623 e-flex e-con-boxed e-con e-parent\" data-id=\"cf65623\" data-element_type=\"container\" data-e-type=\"container\" data-settings=\"{&quot;ekit_has_onepagescroll_dot&quot;:&quot;yes&quot;}\">\n\t\t\t\t\t<div class=\"e-con-inner\">\n\t\t\t\t<div class=\"elementor-element elementor-element-282d512 elementor-widget elementor-widget-text-editor\" data-id=\"282d512\" data-element_type=\"widget\" data-e-type=\"widget\" data-settings=\"{&quot;ekit_we_effect_on&quot;:&quot;none&quot;}\" data-widget_type=\"text-editor.default\">\n\t\t\t\t<div class=\"elementor-widget-container\">\n\t\t\t\t\t\t\t\t\t<p><strong>Allgemeine Gesch\u00e4ftsbedingungen der immersify4u GmbH, Stand 01.09.2024<\/strong><\/p><p>\u00a0<\/p><ol><li><u>Allgemeines &#8211; Geltungsbereich <\/u><ul><li>Die Gesch\u00e4ftsbedingungen gelten f\u00fcr alle gegenw\u00e4rtigen und zuk\u00fcnftigen Gesch\u00e4ftsbeziehungen.<\/li><li>Alle Lieferungen, Leistungen und Angebote der immersify4u GmbH (nachfolgend: immersify4u) erfolgen ausschlie\u00dflich aufgrund dieser Gesch\u00e4ftsbedingungen, es sei denn, die Parteien treffen ausdr\u00fccklich eine abweichende schriftliche Vereinbarung.<\/li><li>Vertragsbedingungen, die der Kunde oder ein Dritter stellt, werden nicht Vertragsinhalt, selbst wenn immersify4u den Bedingungen nicht widerspricht.<\/li><li>Der Kunde kann Vertragsrechte weder abtreten, noch verpf\u00e4nden.<\/li><li>Es gilt das Recht der Bundesrepublik Deutschland. Die Bestimmungen des UN-Kaufrechts finden keine Anwendung.<\/li><li>immersify4u vertreibt Produkte (Dienstleistungen, Lizenzen, Waren, etc.) ausschlie\u00dflich an Unternehmer. Ein Vertrieb an Verbraucher scheidet aus. Unternehmer im Sinne der Gesch\u00e4ftsbedingungen sind nat\u00fcrliche oder juristische Personen oder rechtsf\u00e4hige Personengesellschaften, die in Aus\u00fcbung einer gewerblichen oder selbst\u00e4ndigen beruflichen T\u00e4tigkeit handeln.<\/li><\/ul><\/li><\/ol><p>\u00a0<\/p><ol start=\"2\"><li><u>Vertragsschluss \/ Lieferung <\/u><ul><li>Werbung und Angebote von immersify4u im Internet oder anderen Medien stellen kein bindendes Angebot dar, sondern eine Aufforderung an den Kunden zur Abgabe eines Angebots (Bestellung). Mit der Beauftragung einer Dienstleistung, dem Antrag auf Abschluss eines Lizenzvertrages oder der Bestellung einer Ware gibt der Kunde ein verbindliches Vertragsangebot ab. Die Annahme durch immersify4u kann entweder schriftlich (Auftragsbest\u00e4tigung) oder durch Erbringung der Dienstleistung bzw. Auslieferung der Ware an den Kunden erkl\u00e4rt werden.<\/li><li>Die dem Kunden mitgeteilten Auslieferdaten sind unverbindlich. Sie stehen insbesondere unter dem Vorbehalt der Abkl\u00e4rung aller technischen Fragen und der richtigen und rechtzeitigen Selbstbelieferung von immersify4u.<\/li><li>Bestellt der Kunde Produkte (Dienstleistungen, Lizenzen, Waren, etc.) mit Fernabsatzmitteln (Mail, Internet, Brief, Fax), wird immersify4u den Zugang der Bestellung unverz\u00fcglich best\u00e4tigen. Die Zugangsbest\u00e4tigung stellt noch keine verbindliche Annahme der Bestellung dar. Die Zugangsbest\u00e4tigung kann mit der Annahmeerkl\u00e4rung verbunden werden.<\/li><li>immersify4u beh\u00e4lt sich vor, bei Produkt\u00e4nderungen, Nichtverf\u00fcgbarkeit der Ware oder Dienstleistung oder verz\u00f6gerter Lieferung durch den Hersteller eine in Qualit\u00e4t und Preis gleichwertige Leistung zu erbringen oder, falls dies nicht m\u00f6glich ist, die Leistung nicht zu erbringen.<\/li><li>Liegt ein Fall im Sinne der vorangehenden Ziffer vor, so wird immersify4u den Kunden unverz\u00fcglich \u00fcber die Nichtverf\u00fcgbarkeit oder verz\u00f6gerte Lieferung informieren.<\/li><li>F\u00fcr den Fall, dass sich immersify4u gem\u00e4\u00df vorangehenden Ziffern vom Vertrag l\u00f6st, wird immersify4u die Gegenleistung des Kunden unverz\u00fcglich erstatten.<\/li><li>Sofern der Kunde die Ware auf elektronischem Wege bestellt, wird der Vertrag von immersify4u gespeichert und dem Kunden auf Verlangen nebst den vorliegenden AGB per E-Mail zugesandt. Der Vertrag wird ausschlie\u00dflich in deutscher Sprache abgeschlossen.<\/li><li>Lieferungen von Waren durch immersify4u erfolgen unfrei auf Rechnung und Gefahr des Kunden. Die Gefahr geht auf den Kunden \u00fcber, sobald immersify4u die Ware dem Spediteur, dem Frachtf\u00fchrer oder der sonst zur Ausf\u00fchrung der Versendung bestimmten Person oder Anstalt ausgeliefert hat. Das gleiche gilt auch bei \u00dcbernahme von Franko-Lieferungen. Frachtbriefvermerke wie &#8222;mangelhaft verpackt&#8220; sind als Beweismittel ausgeschlossen.<\/li><li>Die Kosten der Verpackung sowie einer vom Kunden etwa verlangten Transportversicherung gehen zu Lasten des Bestellers.<\/li><li>Soweit der Kunde individuelle Software erwirbt, gelten vorrangig und zus\u00e4tzlich zu den hier genannten Bedingungen, die Vereinbarungen des Pflichtenheftes oder bei der agilen Entwicklung das Backlog.<\/li><\/ul><\/li><\/ol><p>\u00a0<\/p><ol start=\"3\"><li><u>Zahlungsverzug <\/u><ul><li>Der Kunde kommt nach Ablauf einer Frist von 2 Wochen ab Rechnungsdatum in Zahlungsverzug, sofern nichts Abweichendes vereinbart wurde.<\/li><li>Ger\u00e4t der Kunde mit der Zahlung f\u00e4lliger Forderungen in Verzug, so ist immersify4u berechtigt, die gesetzlichen Verzugszinsen in Rechnung zu stellen. Die Geltendmachung eines h\u00f6heren Verzugsschadens ist nicht ausgeschlossen.<\/li><li>Bei Zahlungsverzug des Kunden werden s\u00e4mtliche gegen ihn bestehenden Forderungen sofort zur Zahlung f\u00e4llig, ungeachtet angenommener Schecks oder einger\u00e4umter Zahlungsziele. Der Kunde darf, die im Eigentum oder Miteigentum von immersify4u stehenden Waren nicht mehr ver\u00e4u\u00dfern und ist verpflichtet, immersify4u Sicherheiten zu stellen.<\/li><\/ul><\/li><\/ol><p>\u00a0<\/p><ol start=\"4\"><li><u>Einwendungen und Aufrechnung <\/u><ul><li>Einwendungen gegen die H\u00f6he einer Rechnung von immersify4u m\u00fcssen schriftlich innerhalb von 14 Tagen ab Zugang der Rechnung vorgebracht werden. Gesetzliche Anspr\u00fcche, die auch nach Fristablauf geltend gemacht werden k\u00f6nnen, bleiben unber\u00fchrt.<\/li><li>Die Aufrechnung des Kunden mit Forderungen von immersify4u aus diesem Vertrag ist nur m\u00f6glich mit unbestrittenen oder rechtskr\u00e4ftig festgestellten Forderungen. Ein Zur\u00fcckbehaltungsrecht kann der Kunde nur dann geltend machen, wenn es auf demselben Vertragsverh\u00e4ltnis beruht.<\/li><\/ul><\/li><\/ol><p>\u00a0<\/p><ol start=\"5\"><li><u>Haftung und Gew\u00e4hrleistung <\/u><ul><li>Die Gew\u00e4hrleistung und Haftung bestimmen sich nach Ma\u00dfgabe der gesetzlichen Vorschriften, insbesondere nach den \u00a7\u00a7 434 ff und 633 ff BGB, soweit nachfolgende Regelungen nicht etwas anderes bestimmen.<\/li><li>Beanstandungen, die den Lieferumfang, Sachm\u00e4ngel, Falschlieferungen und Mengenabweichungen betreffen, sind, soweit dies durch zumutbare Untersuchungen feststellbar ist, unverz\u00fcglich nach Erhalt des Produkts schriftlich geltend zu machen. Erkennbar besch\u00e4digte Verpackungen sind unmittelbar bei Zugang beim Zustelldienst zu beanstanden.<\/li><li>immersify4u haftet f\u00fcr Vorsatz und grobe Fahrl\u00e4ssigkeit. F\u00fcr leichte Fahrl\u00e4ssigkeit haftet immersify4u nur bei Verletzung einer wesentlichen Vertragspflicht (Kardinalpflicht). Diese Haftungsbeschr\u00e4nkung gilt auch f\u00fcr das Verschulden eines gesetzlichen Vertreters oder von Erf\u00fcllungsgehilfen von immersify4u. Die Haftungsbeschr\u00e4nkung gilt nicht f\u00fcr Sch\u00e4den aus der Verletzung des Lebens, des K\u00f6rpers oder der Gesundheit, die auf einer vors\u00e4tzlichen oder fahrl\u00e4ssigen Pflichtverletzung von immersify4u oder einer vors\u00e4tzlichen oder fahrl\u00e4ssigen Pflichtverletzung des gesetzlichen Vertreters von immersify4u oder eines Erf\u00fcllungsgehilfen von immersify4u beruhen, sowie f\u00fcr eine Beschaffenheit der Sache, f\u00fcr die immersify4u eine Garantie \u00fcbernommen hat.<\/li><li>In F\u00e4llen, die nicht Sch\u00e4den aus der Verletzung des Lebens, des K\u00f6rpers oder der Gesundheit bzw. die garantierte Beschaffenheit von Sachen betreffen, ist die Haftung bei leichter Fahrl\u00e4ssigkeit der Summe nach beschr\u00e4nkt auf die H\u00f6he des vorhersehbaren Schadens, mit dessen Entstehung typischerweise gerechnet werden muss.<\/li><li>Die Vorschriften des Produkthaftungsgesetzes bleiben unber\u00fchrt.<\/li><li>F\u00fcr M\u00e4ngel der Ware der Dienstleistung oder des Werkes leistet immersify4u nach eigener Wahl Gew\u00e4hr durch Nachbesserung oder Ersatzlieferung. Schl\u00e4gt die Nacherf\u00fcllung fehl, kann der Kunde grunds\u00e4tzlich nach seiner Wahl Herabsetzung der Verg\u00fctung (Minderung) oder R\u00fcckg\u00e4ngigmachung des Vertrages (R\u00fccktritt) verlangen. Bei einer nur geringf\u00fcgigen Vertragswidrigkeit, insbesondere nur bei geringf\u00fcgigen M\u00e4ngeln, steht dem Kunden jedoch kein R\u00fccktrittsrecht zu. Soweit Erg\u00e4nzungen in der Anwendung von Computerprogrammen, insbesondere in Kombination mit anderen Programmen durchzuf\u00fchren sind und diese Anwendungen nicht vereinbart sind, sind diese zus\u00e4tzlich zu verg\u00fcten und gelten nicht als M\u00e4ngel.<\/li><li>Der Kunde muss immersify4u offensichtliche M\u00e4ngel innerhalb einer Frist von 2 Wochen ab Empfang bzw. Entgegennahme des Produkts schriftlich anzeigen; andernfalls ist die Geltendmachung des Gew\u00e4hrleistungsanspruchs ausgeschlossen. Zur Fristwahrung gen\u00fcgt die rechtzeitige Absendung. Den Kunden trifft die volle Beweislast f\u00fcr s\u00e4mtliche Anspruchsvoraussetzungen, insbesondere f\u00fcr den Mangel selbst, f\u00fcr den Zeitpunkt der Feststellung des Mangels und f\u00fcr die Rechtzeitigkeit der M\u00e4ngelr\u00fcge.<\/li><li>W\u00e4hlt der Kunde wegen eines Rechts- oder Sachmangels nach gescheiterter Nacherf\u00fcllung den R\u00fccktritt vom Vertrag, steht ihm daneben kein Schadenersatzanspruch wegen des Mangels zu. W\u00e4hlt der Kunde nach gescheiterter Nacherf\u00fcllung Schadenersatz, verbleibt das Produkt beim Kunden, wenn ihm dies zumutbar ist. Der Schadenersatz beschr\u00e4nkt sich auf die Differenz zwischen dem Kaufpreis und dem Wert des mangelhaften Produkts. Dies gilt nicht, wenn immersify4u die Vertragsverletzung arglistig verursacht hat.<\/li><li>Die Gew\u00e4hrleistungsfrist betr\u00e4gt 1 Jahr ab dem gesetzlichen Verj\u00e4hrungsbeginn. Dies gilt nicht, wenn der Kunde einen offensichtlichen Mangel nicht rechtzeitig angezeigt hat.<\/li><li>Als Beschaffenheit des Produkts gilt grunds\u00e4tzlich nur die Produktbeschreibung des Herstellers als vereinbart. \u00d6ffentliche \u00c4u\u00dferungen, Anpreisungen oder Werbung des Herstellers stellen daneben keine vertragsgem\u00e4\u00dfe Beschaffenheitsangabe des Produkts dar.<\/li><li>Wird bei Ankunft der Sendung eine Besch\u00e4digung festgestellt, so muss der Empf\u00e4nger sich dieses sofort auf dem Frachtbrief best\u00e4tigen lassen. Bei Versand durch ein Transportmittel wie LKW, ist ein Protokoll aufzunehmen, in dem der Umfang der Besch\u00e4digung genau verzeichnet ist. Dieses Protokoll ist vom Fahrer zu unterzeichnen.<\/li><li>Bei Zahlungsverzug kann immersify4u die Gew\u00e4hrleistung verweigern, bis der Besteller seine Zahlungspflicht in dem Umfang erf\u00fcllt, die dem Wert der Lieferung von immersify4u abz\u00fcglich eines der vorhandenen M\u00e4ngel entsprechenden Kaufpreises entspricht.<\/li><\/ul><\/li><\/ol><p>\u00a0<\/p><ol start=\"6\"><li><u>Eigentumsvorbehalt <\/u><ul><li>Das Produkt bleibt bis zur vollst\u00e4ndigen und dauerhaften Kaufpreiszahlung Eigentum von immersify4u. Ist der Kunde ein Kaufmann, so erlischt der Eigentumsvorbehalt erst bei Begleichung aller Forderungen aus der laufenden Gesch\u00e4ftsbeziehung. W\u00e4hrend der Dauer des Eigentumsvorbehalts ist der Kunde zum Besitz und vertragsgem\u00e4\u00dfen Gebrauch des Produkts berechtigt, solange er den Zahlungsverpflichtungen fristgerecht nachkommt.<\/li><li>Der Kunde ist verpflichtet, Produkte, auf denen ein Eigentumsvorbehalt von immersify4u liegt, pfleglich zu behandeln.<\/li><li>Der Kunde ist verpflichtet, immersify4u den Zugriff Dritter auf Produkte, die unter Eigentumsvorbehalt stehen, etwa im Falle einer Pf\u00e4ndung, sowie etwaige Besch\u00e4digungen oder die Vernichtung der Produkte, unverz\u00fcglich mitzuteilen. Einen Besitzwechsel des Produkts, sowie den eigenen Sitzwechsel hat der Kunde unverz\u00fcglich anzuzeigen.<\/li><li>Der Kunde ist berechtigt, die Produkte im ordentlichen Gesch\u00e4ftsgang weiter zu ver\u00e4u\u00dfern. Er tritt immersify4u bereits jetzt alle Forderungen in H\u00f6he des Rechnungsbetrages ab, die ihm durch die Weiterver\u00e4u\u00dferung gegen einen Dritten erwachsen. immersify4u nimmt die Abtretung an. Der Kunde ist zur Einziehung der Forderung erm\u00e4chtigt. immersify4u beh\u00e4lt sich vor, die Forderung selbst einzuziehen, wenn der Kunde in Zahlungsverzug ger\u00e4t.<\/li><li>Bei einer Be- und Verarbeitung der Produkte mit Gegenst\u00e4nden, die nicht im Eigentum von immersify4u stehen, erwirbt immersify4u an dem neuen Gegenstand das Miteigentum im Verh\u00e4ltnis zum Wert der von immersify4u gelieferten Produkte zu den sonstigen verarbeiteten Gegenst\u00e4nden. Dasselbe gilt, wenn die Produkte mit anderen, immersify4u nicht geh\u00f6renden Gegenst\u00e4nden vermischt werden.<\/li><li>Soweit Entgeltforderungen des Kunden in ein Kontokorrent eingehen, tritt der Kunde in gleicher Weise eine ihm zustehende Saldoforderung an immersify4u ab.<\/li><\/ul><\/li><\/ol><p>\u00a0<\/p><ol start=\"7\"><li><u>Schlussbestimmungen <\/u><ul><li>Vertrags\u00e4nderungen und Nebenabreden bed\u00fcrfen zu ihrer Wirksamkeit der Schriftform. Die Notwendigkeit der Schriftform gilt auch f\u00fcr den Verzicht auf das Schriftformerfordernis.<\/li><li>Ist der Kunde Kaufmann, juristische Person des \u00f6ffentlichen Rechts oder \u00f6ffentlich-rechtliches Sonderverm\u00f6gen, ist Gerichtsstand f\u00fcr alle Streitigkeiten aus diesem Vertrag das f\u00fcr den Gesch\u00e4ftssitz von immersify4u zust\u00e4ndige Gericht. Dasselbe gilt, wenn der Kunde keinen allgemeinen Gerichtsstand in Deutschland hat oder der Wohnsitz oder der gew\u00f6hnliche Aufenthalt zum Zeitpunkt der Klageerhebung nicht bekannt ist.<\/li><li>Sollten einzelne Bestimmungen des Vertrages mit dem Kunden einschlie\u00dflich dieser Allgemeinen Gesch\u00e4ftsbedingungen ganz oder teilweise unwirksam sein oder werden, so wird hierdurch die G\u00fcltigkeit der \u00fcbrigen Bestimmungen nicht ber\u00fchrt.<\/li><\/ul><\/li><\/ol>\t\t\t\t\t\t\t\t<\/div>\n\t\t\t\t<\/div>\n\t\t\t\t\t<\/div>\n\t\t\t\t<\/div>\n\t\t\t\t<\/div>","protected":false},"excerpt":{"rendered":"<p>Rechtliches AGB&#8217;s Allgemeine Gesch\u00e4ftsbedingungen der immersify4u GmbH, Stand 01.09.2024 \u00a0 Allgemeines &#8211; Geltungsbereich Die Gesch\u00e4ftsbedingungen gelten f\u00fcr alle gegenw\u00e4rtigen und zuk\u00fcnftigen Gesch\u00e4ftsbeziehungen. Alle Lieferungen, Leistungen und Angebote der immersify4u GmbH (nachfolgend: immersify4u) erfolgen ausschlie\u00dflich aufgrund dieser Gesch\u00e4ftsbedingungen, es sei denn, die Parteien treffen ausdr\u00fccklich eine abweichende schriftliche Vereinbarung. Vertragsbedingungen, die der Kunde oder ein Dritter [&hellip;]<\/p>\n","protected":false},"author":1,"featured_media":0,"parent":0,"menu_order":0,"comment_status":"closed","ping_status":"closed","template":"","meta":{"footnotes":""},"class_list":["post-307","page","type-page","status-publish","hentry"],"yoast_head":"<!-- This site is optimized with the Yoast SEO plugin v27.2 - https:\/\/yoast.com\/product\/yoast-seo-wordpress\/ -->\n<title>AGBs - immersify4u - Extended Realist (XR)<\/title>\n<meta name=\"robots\" content=\"index, follow, max-snippet:-1, max-image-preview:large, max-video-preview:-1\" \/>\n<link rel=\"canonical\" href=\"https:\/\/immersify4u.com\/en\/agbs\/\" \/>\n<meta property=\"og:locale\" content=\"en_US\" \/>\n<meta property=\"og:type\" content=\"article\" \/>\n<meta property=\"og:title\" content=\"AGBs - immersify4u - Extended Realist (XR)\" \/>\n<meta property=\"og:description\" content=\"Rechtliches AGB&#8217;s Allgemeine Gesch\u00e4ftsbedingungen der immersify4u GmbH, Stand 01.09.2024 \u00a0 Allgemeines &#8211; Geltungsbereich Die Gesch\u00e4ftsbedingungen gelten f\u00fcr alle gegenw\u00e4rtigen und zuk\u00fcnftigen Gesch\u00e4ftsbeziehungen. Alle Lieferungen, Leistungen und Angebote der immersify4u GmbH (nachfolgend: immersify4u) erfolgen ausschlie\u00dflich aufgrund dieser Gesch\u00e4ftsbedingungen, es sei denn, die Parteien treffen ausdr\u00fccklich eine abweichende schriftliche Vereinbarung. Vertragsbedingungen, die der Kunde oder ein Dritter [&hellip;]\" \/>\n<meta property=\"og:url\" content=\"https:\/\/immersify4u.com\/en\/agbs\/\" \/>\n<meta property=\"og:site_name\" content=\"immersify4u - Extended Realist (XR)\" \/>\n<meta property=\"article:modified_time\" content=\"2024-09-05T15:35:00+00:00\" \/>\n<meta property=\"og:image\" content=\"https:\/\/immersify4u.com\/wp-content\/uploads\/2024\/08\/Training_2.png\" \/>\n\t<meta property=\"og:image:width\" content=\"622\" \/>\n\t<meta property=\"og:image:height\" content=\"264\" \/>\n\t<meta property=\"og:image:type\" content=\"image\/png\" \/>\n<meta name=\"twitter:card\" content=\"summary_large_image\" \/>\n<meta name=\"twitter:label1\" content=\"Est. reading time\" \/>\n\t<meta name=\"twitter:data1\" content=\"9 minutes\" \/>\n<script type=\"application\/ld+json\" class=\"yoast-schema-graph\">{\"@context\":\"https:\/\/schema.org\",\"@graph\":[{\"@type\":\"WebPage\",\"@id\":\"https:\/\/immersify4u.com\/agbs\/\",\"url\":\"https:\/\/immersify4u.com\/agbs\/\",\"name\":\"AGBs - immersify4u - Extended Realist (XR)\",\"isPartOf\":{\"@id\":\"https:\/\/immersify4u.com\/#website\"},\"datePublished\":\"2024-08-29T12:20:53+00:00\",\"dateModified\":\"2024-09-05T15:35:00+00:00\",\"breadcrumb\":{\"@id\":\"https:\/\/immersify4u.com\/agbs\/#breadcrumb\"},\"inLanguage\":\"en-US\",\"potentialAction\":[{\"@type\":\"ReadAction\",\"target\":[\"https:\/\/immersify4u.com\/agbs\/\"]}]},{\"@type\":\"BreadcrumbList\",\"@id\":\"https:\/\/immersify4u.com\/agbs\/#breadcrumb\",\"itemListElement\":[{\"@type\":\"ListItem\",\"position\":1,\"name\":\"Startseite\",\"item\":\"https:\/\/immersify4u.com\/\"},{\"@type\":\"ListItem\",\"position\":2,\"name\":\"AGBs\"}]},{\"@type\":\"WebSite\",\"@id\":\"https:\/\/immersify4u.com\/#website\",\"url\":\"https:\/\/immersify4u.com\/\",\"name\":\"immersify4u - Extended Realist (XR)\",\"description\":\"\",\"publisher\":{\"@id\":\"https:\/\/immersify4u.com\/#organization\"},\"potentialAction\":[{\"@type\":\"SearchAction\",\"target\":{\"@type\":\"EntryPoint\",\"urlTemplate\":\"https:\/\/immersify4u.com\/?s={search_term_string}\"},\"query-input\":{\"@type\":\"PropertyValueSpecification\",\"valueRequired\":true,\"valueName\":\"search_term_string\"}}],\"inLanguage\":\"en-US\"},{\"@type\":\"Organization\",\"@id\":\"https:\/\/immersify4u.com\/#organization\",\"name\":\"immersify4u GmbH\",\"url\":\"https:\/\/immersify4u.com\/\",\"logo\":{\"@type\":\"ImageObject\",\"inLanguage\":\"en-US\",\"@id\":\"https:\/\/immersify4u.com\/#\/schema\/logo\/image\/\",\"url\":\"https:\/\/immersify4u.com\/wp-content\/uploads\/2024\/08\/Logo_mit_schriftzug_hell_png.png\",\"contentUrl\":\"https:\/\/immersify4u.com\/wp-content\/uploads\/2024\/08\/Logo_mit_schriftzug_hell_png.png\",\"width\":1704,\"height\":480,\"caption\":\"immersify4u GmbH\"},\"image\":{\"@id\":\"https:\/\/immersify4u.com\/#\/schema\/logo\/image\/\"},\"sameAs\":[\"https:\/\/www.linkedin.com\/company\/immersify4u\/\"]}]}<\/script>\n<!-- \/ Yoast SEO plugin. -->","yoast_head_json":{"title":"AGBs - immersify4u - Extended Realist (XR)","robots":{"index":"index","follow":"follow","max-snippet":"max-snippet:-1","max-image-preview":"max-image-preview:large","max-video-preview":"max-video-preview:-1"},"canonical":"https:\/\/immersify4u.com\/en\/agbs\/","og_locale":"en_US","og_type":"article","og_title":"AGBs - immersify4u - Extended Realist (XR)","og_description":"Rechtliches AGB&#8217;s Allgemeine Gesch\u00e4ftsbedingungen der immersify4u GmbH, Stand 01.09.2024 \u00a0 Allgemeines &#8211; Geltungsbereich Die Gesch\u00e4ftsbedingungen gelten f\u00fcr alle gegenw\u00e4rtigen und zuk\u00fcnftigen Gesch\u00e4ftsbeziehungen. Alle Lieferungen, Leistungen und Angebote der immersify4u GmbH (nachfolgend: immersify4u) erfolgen ausschlie\u00dflich aufgrund dieser Gesch\u00e4ftsbedingungen, es sei denn, die Parteien treffen ausdr\u00fccklich eine abweichende schriftliche Vereinbarung. Vertragsbedingungen, die der Kunde oder ein Dritter [&hellip;]","og_url":"https:\/\/immersify4u.com\/en\/agbs\/","og_site_name":"immersify4u - Extended Realist (XR)","article_modified_time":"2024-09-05T15:35:00+00:00","og_image":[{"width":622,"height":264,"url":"https:\/\/immersify4u.com\/wp-content\/uploads\/2024\/08\/Training_2.png","type":"image\/png"}],"twitter_card":"summary_large_image","twitter_misc":{"Est. reading time":"9 minutes"},"schema":{"@context":"https:\/\/schema.org","@graph":[{"@type":"WebPage","@id":"https:\/\/immersify4u.com\/agbs\/","url":"https:\/\/immersify4u.com\/agbs\/","name":"AGBs - immersify4u - Extended Realist (XR)","isPartOf":{"@id":"https:\/\/immersify4u.com\/#website"},"datePublished":"2024-08-29T12:20:53+00:00","dateModified":"2024-09-05T15:35:00+00:00","breadcrumb":{"@id":"https:\/\/immersify4u.com\/agbs\/#breadcrumb"},"inLanguage":"en-US","potentialAction":[{"@type":"ReadAction","target":["https:\/\/immersify4u.com\/agbs\/"]}]},{"@type":"BreadcrumbList","@id":"https:\/\/immersify4u.com\/agbs\/#breadcrumb","itemListElement":[{"@type":"ListItem","position":1,"name":"Startseite","item":"https:\/\/immersify4u.com\/"},{"@type":"ListItem","position":2,"name":"AGBs"}]},{"@type":"WebSite","@id":"https:\/\/immersify4u.com\/#website","url":"https:\/\/immersify4u.com\/","name":"immersify4u - Extended Realist (XR)","description":"","publisher":{"@id":"https:\/\/immersify4u.com\/#organization"},"potentialAction":[{"@type":"SearchAction","target":{"@type":"EntryPoint","urlTemplate":"https:\/\/immersify4u.com\/?s={search_term_string}"},"query-input":{"@type":"PropertyValueSpecification","valueRequired":true,"valueName":"search_term_string"}}],"inLanguage":"en-US"},{"@type":"Organization","@id":"https:\/\/immersify4u.com\/#organization","name":"immersify4u GmbH","url":"https:\/\/immersify4u.com\/","logo":{"@type":"ImageObject","inLanguage":"en-US","@id":"https:\/\/immersify4u.com\/#\/schema\/logo\/image\/","url":"https:\/\/immersify4u.com\/wp-content\/uploads\/2024\/08\/Logo_mit_schriftzug_hell_png.png","contentUrl":"https:\/\/immersify4u.com\/wp-content\/uploads\/2024\/08\/Logo_mit_schriftzug_hell_png.png","width":1704,"height":480,"caption":"immersify4u GmbH"},"image":{"@id":"https:\/\/immersify4u.com\/#\/schema\/logo\/image\/"},"sameAs":["https:\/\/www.linkedin.com\/company\/immersify4u\/"]}]}},"_links":{"self":[{"href":"https:\/\/immersify4u.com\/en\/wp-json\/wp\/v2\/pages\/307","targetHints":{"allow":["GET"]}}],"collection":[{"href":"https:\/\/immersify4u.com\/en\/wp-json\/wp\/v2\/pages"}],"about":[{"href":"https:\/\/immersify4u.com\/en\/wp-json\/wp\/v2\/types\/page"}],"author":[{"embeddable":true,"href":"https:\/\/immersify4u.com\/en\/wp-json\/wp\/v2\/users\/1"}],"replies":[{"embeddable":true,"href":"https:\/\/immersify4u.com\/en\/wp-json\/wp\/v2\/comments?post=307"}],"version-history":[{"count":10,"href":"https:\/\/immersify4u.com\/en\/wp-json\/wp\/v2\/pages\/307\/revisions"}],"predecessor-version":[{"id":605,"href":"https:\/\/immersify4u.com\/en\/wp-json\/wp\/v2\/pages\/307\/revisions\/605"}],"wp:attachment":[{"href":"https:\/\/immersify4u.com\/en\/wp-json\/wp\/v2\/media?parent=307"}],"curies":[{"name":"wp","href":"https:\/\/api.w.org\/{rel}","templated":true}]}}